{"id":5374,"date":"2024-04-04T12:48:39","date_gmt":"2024-04-04T10:48:39","guid":{"rendered":"https:\/\/www.otake.eu\/?page_id=5374"},"modified":"2025-12-04T21:24:26","modified_gmt":"2025-12-04T20:24:26","slug":"charlotte-clerckx","status":"publish","type":"page","link":"https:\/\/www.otake.eu\/index.php\/charlotte-clerckx\/","title":{"rendered":"Charlotte Clerckx"},"content":{"rendered":"\n<div class=\"wp-block-columns is-layout-flex wp-container-core-columns-is-layout-9d6595d7 wp-block-columns-is-layout-flex\">\n<div class=\"wp-block-column is-layout-flow wp-block-column-is-layout-flow\" style=\"flex-basis:45%\">\n<figure class=\"wp-block-image size-full\"><img loading=\"lazy\" decoding=\"async\" width=\"480\" height=\"480\" src=\"https:\/\/www.otake.eu\/wp-content\/uploads\/2024\/01\/Sans-titre.jpeg\" alt=\"\" class=\"wp-image-5335\" srcset=\"https:\/\/www.otake.eu\/wp-content\/uploads\/2024\/01\/Sans-titre.jpeg 480w, https:\/\/www.otake.eu\/wp-content\/uploads\/2024\/01\/Sans-titre-300x300.jpeg 300w, https:\/\/www.otake.eu\/wp-content\/uploads\/2024\/01\/Sans-titre-150x150.jpeg 150w\" sizes=\"auto, (max-width: 480px) 100vw, 480px\" \/><\/figure>\n<\/div>\n\n\n\n<div class=\"wp-block-column is-layout-flow wp-block-column-is-layout-flow\" style=\"flex-basis:10%\"><\/div>\n\n\n\n<div class=\"wp-block-column is-layout-flow wp-block-column-is-layout-flow\" style=\"flex-basis:45%\">\n<h3 class=\"wp-block-heading\">Kin\u00e9sith\u00e9rapeute<\/h3>\n\n\n\n<ul class=\"wp-block-list\">\n<li>Kin\u00e9sith\u00e9rapie g\u00e9n\u00e9rale<\/li>\n\n\n\n<li>Musculo squelettique<\/li>\n\n\n\n<li>Maxilo-faciale<\/li>\n\n\n\n<li>Taping et kin\u00e9siotaping<\/li>\n\n\n\n<li>Traitement lymphod\u00e8me<\/li>\n\n\n\n<li>Revalidation post-amputation<\/li>\n<\/ul>\n\n\n\n<p><a href=\"tel:32492640889\"><strong><mark style=\"background-color:rgba(0, 0, 0, 0);color:#1e80d1\" class=\"has-inline-color\">+32 492 64 08 89<\/mark><\/strong><\/a><\/p>\n\n\n\n<p><a href=\"http:\/\/www.clerckx-kine.be\" data-type=\"link\" data-id=\"www.clerckx-kine.be\"><strong><mark style=\"background-color:rgba(0, 0, 0, 0);color:#1e80d1\" class=\"has-inline-color\">www.clerckx-kine.be<\/mark><\/strong><\/a><\/p>\n\n\n\n<blockquote class=\"wp-block-quote is-layout-flow wp-block-quote-is-layout-flow\">\n<p>Kin\u00e9 conventionn\u00e9e, sp\u00e9cialis\u00e9e en th\u00e9rapie manuelle pour les douleurs au dos, cervicales, ATM, genou, maux de t\u00eate, entorse de cheville ou autre. J&rsquo;adapte votre traitement selon vos besoins et objectifs pour vous accompagner avec enthousiasme et bienveillance dans votre r\u00e9tablissement.<\/p>\n<\/blockquote>\n<\/div>\n<\/div>\n\n\n\n<div class=\"wp-block-buttons alignwide has-custom-font-size has-small-font-size is-content-justification-center is-layout-flex wp-container-core-buttons-is-layout-16018d1d wp-block-buttons-is-layout-flex\">\n<div class=\"wp-block-button has-custom-width wp-block-button__width-50 is-style-fill\"><a class=\"wp-block-button__link has-black-color has-text-color has-background has-link-color has-medium-font-size has-custom-font-size wp-element-button\" href=\"https:\/\/www.otake.eu\/\" style=\"border-radius:18px;background-color:#ffffff00;font-style:normal;font-weight:600\">Retour<\/a><\/div>\n<\/div>\n","protected":false},"excerpt":{"rendered":"<p>Kin\u00e9sith\u00e9rapeute +32 492 64 08 89 www.clerckx-kine.be Kin\u00e9 conventionn\u00e9e, sp\u00e9cialis\u00e9e en th\u00e9rapie manuelle pour les douleurs au dos, cervicales, ATM, genou, maux de t\u00eate, entorse de cheville ou autre. J&rsquo;adapte votre traitement selon vos besoins et objectifs pour vous accompagner avec enthousiasme et bienveillance dans votre r\u00e9tablissement.<\/p>\n","protected":false},"author":4,"featured_media":0,"parent":0,"menu_order":0,"comment_status":"closed","ping_status":"closed","template":"","meta":{"footnotes":""},"class_list":["post-5374","page","type-page","status-publish","hentry"],"_links":{"self":[{"href":"https:\/\/www.otake.eu\/index.php\/wp-json\/wp\/v2\/pages\/5374","targetHints":{"allow":["GET"]}}],"collection":[{"href":"https:\/\/www.otake.eu\/index.php\/wp-json\/wp\/v2\/pages"}],"about":[{"href":"https:\/\/www.otake.eu\/index.php\/wp-json\/wp\/v2\/types\/page"}],"author":[{"embeddable":true,"href":"https:\/\/www.otake.eu\/index.php\/wp-json\/wp\/v2\/users\/4"}],"replies":[{"embeddable":true,"href":"https:\/\/www.otake.eu\/index.php\/wp-json\/wp\/v2\/comments?post=5374"}],"version-history":[{"count":7,"href":"https:\/\/www.otake.eu\/index.php\/wp-json\/wp\/v2\/pages\/5374\/revisions"}],"predecessor-version":[{"id":5519,"href":"https:\/\/www.otake.eu\/index.php\/wp-json\/wp\/v2\/pages\/5374\/revisions\/5519"}],"wp:attachment":[{"href":"https:\/\/www.otake.eu\/index.php\/wp-json\/wp\/v2\/media?parent=5374"}],"curies":[{"name":"wp","href":"https:\/\/api.w.org\/{rel}","templated":true}]}}