{"id":5576,"date":"2026-04-22T12:04:10","date_gmt":"2026-04-22T10:04:10","guid":{"rendered":"https:\/\/www.otake.eu\/?page_id=5576"},"modified":"2026-04-22T12:28:02","modified_gmt":"2026-04-22T10:28:02","slug":"elisabeth-hossay","status":"publish","type":"page","link":"https:\/\/www.otake.eu\/index.php\/elisabeth-hossay\/","title":{"rendered":"Elisabeth Hossay"},"content":{"rendered":"<div class=\"wp-block-image\">\n<figure class=\"alignleft size-large is-resized\"><img loading=\"lazy\" decoding=\"async\" width=\"1024\" height=\"1024\" src=\"https:\/\/www.otake.eu\/wp-content\/uploads\/2026\/04\/PHOTO-2026-04-21-16-52-30-2-1024x1024.jpg\" alt=\"\" class=\"wp-image-5577\" style=\"width:366px;height:auto\" srcset=\"https:\/\/www.otake.eu\/wp-content\/uploads\/2026\/04\/PHOTO-2026-04-21-16-52-30-2-1024x1024.jpg 1024w, https:\/\/www.otake.eu\/wp-content\/uploads\/2026\/04\/PHOTO-2026-04-21-16-52-30-2-300x300.jpg 300w, https:\/\/www.otake.eu\/wp-content\/uploads\/2026\/04\/PHOTO-2026-04-21-16-52-30-2-150x150.jpg 150w, https:\/\/www.otake.eu\/wp-content\/uploads\/2026\/04\/PHOTO-2026-04-21-16-52-30-2-768x768.jpg 768w, https:\/\/www.otake.eu\/wp-content\/uploads\/2026\/04\/PHOTO-2026-04-21-16-52-30-2-1536x1536.jpg 1536w, https:\/\/www.otake.eu\/wp-content\/uploads\/2026\/04\/PHOTO-2026-04-21-16-52-30-2-2048x2048.jpg 2048w\" sizes=\"auto, (max-width: 1024px) 100vw, 1024px\" \/><\/figure>\n<\/div>\n\n\n<div class=\"wp-block-columns alignwide is-layout-flex wp-container-core-columns-is-layout-9d6595d7 wp-block-columns-is-layout-flex\">\n<div class=\"wp-block-column is-layout-flow wp-block-column-is-layout-flow\" style=\"flex-basis:25%\"><\/div>\n\n\n\n<div class=\"wp-block-column is-layout-flow wp-block-column-is-layout-flow\"><\/div>\n\n\n\n<div class=\"wp-block-column is-layout-flow wp-block-column-is-layout-flow\" style=\"flex-basis:1000%\">\n<p><strong>Kin\u00e9sith\u00e9rapeute<\/strong><\/p>\n\n\n\n<ul class=\"wp-block-list\">\n<li>Kin\u00e9sith\u00e9rapie g\u00e9n\u00e9rale<\/li>\n\n\n\n<li> Troubles orthop\u00e9diques&nbsp;&nbsp;<\/li>\n\n\n\n<li> Troubles musculosquelettiques<\/li>\n\n\n\n<li> Pr\u00e9-post op\u00e9ratoire<\/li>\n\n\n\n<li> Revalidation et r\u00e9adaptation&nbsp;<\/li>\n\n\n\n<li> Traitement troubles lymphatique (m\u00e9thode Leduc)<\/li>\n<\/ul>\n\n\n\n<p><strong><a href=\"tel:32471238748\"><mark style=\"background-color:rgba(0, 0, 0, 0);color:#1e80d1\" class=\"has-inline-color\">+32 471 23 87 48<\/mark><\/a><\/strong><\/p>\n\n\n\n<p><a href=\"https:\/\/www.kinelios.com\"><strong><mark style=\"background-color:rgba(0, 0, 0, 0);color:#1e80d1\" class=\"has-inline-color\">https:\/\/www.kinelios.com<\/mark><\/strong><\/a><\/p>\n\n\n\n<blockquote class=\"wp-block-quote is-layout-flow wp-block-quote-is-layout-flow\">\n<p>Dipl\u00f4m\u00e9e d\u2019un Master en kin\u00e9sith\u00e9rapie, je vous accompagne avec bienveillance et professionnalisme tout au long de votre prise en charge. J\u2019accorde une grande importance \u00e0 la qualit\u00e9 de la relation th\u00e9rapeutique afin de vous proposer des soins personnalis\u00e9s, adapt\u00e9s \u00e0 votre rythme et \u00e0 vos objectifs.<\/p>\n\n\n\n<p>Dynamique et rigoureuse, je m\u2019engage \u00e0 vous guider de mani\u00e8re active dans votre r\u00e9\u00e9ducation, en favorisant votre autonomie et votre bien-\u00eatre. Toujours en qu\u00eate d\u2019am\u00e9lioration, je continue \u00e0 me former pour vous offrir une prise en charge actuelle et de qualit\u00e9.<\/p>\n<\/blockquote>\n<\/div>\n<\/div>\n\n\n\n<p class=\"has-text-align-center\"><strong><a href=\"https:\/\/www.otake.eu\/\" data-type=\"link\" data-id=\"https:\/\/www.otake.eu\/\">Retour<\/a><\/strong><\/p>\n","protected":false},"excerpt":{"rendered":"<p>Kin\u00e9sith\u00e9rapeute +32 471 23 87 48 https:\/\/www.kinelios.com Dipl\u00f4m\u00e9e d\u2019un Master en kin\u00e9sith\u00e9rapie, je vous accompagne avec bienveillance et professionnalisme tout au long de votre prise en charge. J\u2019accorde une grande importance \u00e0 la qualit\u00e9 de la relation th\u00e9rapeutique afin de vous proposer des soins personnalis\u00e9s, adapt\u00e9s \u00e0 votre rythme et [&hellip;]<\/p>\n","protected":false},"author":7,"featured_media":0,"parent":0,"menu_order":0,"comment_status":"closed","ping_status":"closed","template":"","meta":{"footnotes":""},"class_list":["post-5576","page","type-page","status-publish","hentry"],"_links":{"self":[{"href":"https:\/\/www.otake.eu\/index.php\/wp-json\/wp\/v2\/pages\/5576","targetHints":{"allow":["GET"]}}],"collection":[{"href":"https:\/\/www.otake.eu\/index.php\/wp-json\/wp\/v2\/pages"}],"about":[{"href":"https:\/\/www.otake.eu\/index.php\/wp-json\/wp\/v2\/types\/page"}],"author":[{"embeddable":true,"href":"https:\/\/www.otake.eu\/index.php\/wp-json\/wp\/v2\/users\/7"}],"replies":[{"embeddable":true,"href":"https:\/\/www.otake.eu\/index.php\/wp-json\/wp\/v2\/comments?post=5576"}],"version-history":[{"count":16,"href":"https:\/\/www.otake.eu\/index.php\/wp-json\/wp\/v2\/pages\/5576\/revisions"}],"predecessor-version":[{"id":5600,"href":"https:\/\/www.otake.eu\/index.php\/wp-json\/wp\/v2\/pages\/5576\/revisions\/5600"}],"wp:attachment":[{"href":"https:\/\/www.otake.eu\/index.php\/wp-json\/wp\/v2\/media?parent=5576"}],"curies":[{"name":"wp","href":"https:\/\/api.w.org\/{rel}","templated":true}]}}